{"id":4119,"date":"2022-03-07T13:02:13","date_gmt":"2022-03-07T13:02:13","guid":{"rendered":"https:\/\/be.serb1.wpengine.com\/accueil\/"},"modified":"2023-10-31T15:32:24","modified_gmt":"2023-10-31T15:32:24","slug":"accueil","status":"publish","type":"page","link":"https:\/\/serb.be\/fr\/","title":{"rendered":"Accueil"},"content":{"rendered":"\n<section class=\"l-section l-hero s-regular-bottom\">\n\t<div\n        class=\"c-video-box js-video\"\n                data-poster=\"https:\/\/serb.be\/wp-content\/uploads\/sites\/5\/2023\/10\/hero-bg-1a28-1.jpg\"\n                                \t\tstyle=\"background-image: url('https:\/\/serb.be\/wp-content\/uploads\/sites\/5\/2023\/10\/hero-bg-1a28-1.jpg');\"\n        \t>\n\t<\/div>\n<\/section>\n\n\n\n<section class=\"l-section l-section--with-bg s-regular-bottom l-section--fill-mobile l-image-text\" style=\"background: center top\/cover no-repeat url('https:\/\/serb.be\/wp-content\/uploads\/sites\/5\/2022\/03\/Protherics-opacityshape-RGB.png');\">\n\t<div class=\"l-inner\">\n\t\t<div class=\"c-columns c-columns--text-image \">\n\t\t\t<div class=\"c-columns__column\">\n\t\t\t\t\t\t\t\t\t<img decoding=\"async\" class=\"c-columns__image\" src=\"https:\/\/serb.be\/wp-content\/uploads\/sites\/5\/2022\/03\/iStock-1298796608.jpg\" alt=\"\" >\n\t\t\t\t\t\t\t<\/div>\n\t\t\t<div class=\"c-columns__column\">\n\t\t\t\t\t\t\t\t\t<div class=\"c-columns__text c-cms-content\">\n\t\t\t\t\t\t<h3><span style=\"color: #54178e;\">Bienvenue sur le site Belge de SERB Pharmaceuticals<\/span><\/h3>\n<p>SERB Pharmaceuticals est une soci\u00e9t\u00e9 pharmaceutique sp\u00e9cialis\u00e9e en grandissant et mondiale sp\u00e9cialis\u00e9e dans les maladies soins critique et les maladies rares.<\/p>\n<p>Nous rendons possible le traitement de conditions complexes et potentiellement mortelles; soutenir les cliniciens, les syst\u00e8mes de sant\u00e9 et les gouvernements alors que offrant de l&rsquo;espoir aux patients et \u00e0 leurs familles.<\/p>\n\t\t\t\t\t<\/div>\n\t\t\t\t\t\t\t\t\t\t\t<\/div>\n\t\t<\/div>\n\t<\/div>\n<\/section>\n\n\n    <section class=\"l-section l-columns s-regular-bottom\">\n\t\t<div class=\"l-inner\">\n        \t\t\t\t\t<div class=\"c-columns\">\n\t\t\t\t\t<div class=\"c-columns__column\">\n\t\t\t\t\t\t\t\t\t\t\t\t\t\t\t\t\t\t\t\t\t\n<div class=\"c-columns__description\">\n\t\t\t<h2 class=\"c-columns__title t-size-28 t-size-32--desktop\" style=\"color:#54178e;\">\n\t\t\tQui nous sommes\t\t<\/h2>\n\t\t\t\t<div class=\"c-columns__text c-cms-content\">\n\t\t\t<p>La SERB a d\u00e9but\u00e9 dans les ann\u00e9es 1950 sous le nom de Soci\u00e9t\u00e9 d&rsquo;\u00c9tudes et de Recherches Biologiques.<\/p>\n<p>Aujourd&rsquo;hui, SERB poss\u00e8de le plus vaste portefeuille d&rsquo;antidotes au monde, y compris des contre-mesures m\u00e9dicales contre les risques chimiques, biologiques, radiologiques et nucl\u00e9aires (CBRN).<\/p>\n<p>En tant qu&rsquo;entreprise enti\u00e8rement int\u00e9gr\u00e9e, nous avons l&rsquo;exp\u00e9rience et les capacit\u00e9s n\u00e9cessaires pour acqu\u00e9rir, d\u00e9velopper et fabriquer nos m\u00e9dicaments selon les normes les plus \u00e9lev\u00e9es, et les rendre disponibles dans le monde entier via notre cha\u00eene d&rsquo;approvisionnement s\u00e9curis\u00e9e.<\/p>\n<p>Am\u00e9liorer la qualit\u00e9 de vie des patients et donner de l&rsquo;espoir est ce qui nous motive et nous inspire.<\/p>\n\t\t<\/div>\n\t<\/div>\n\t\t\t\t\t\t\t\t\t\t\t\t\t\t\t\t\t\t<\/div>\n\t\t\t\t\t<div class=\"c-columns__column\">\n\t\t\t\t\t\t\t\t\t\t\t\t\t\t\t\t\t\t\t\t\t\n\t<div class=\"c-columns c-numbers c-numbers__wrap\">\n\t\t\t\t\t<div class=\"c-columns__column c-numbers__column\">\n\t\t\t\t\n\t\t\t\t\t\t\t\t\t<p class=\"c-numbers__number t-size-44 t-size-72--desktop ui-font-weight--bold\" style=\"color:#54178e;\">\n\t\t\t\t\t\t80+\t\t\t\t\t<\/p>\n\t\t\t\t\n\t\t\t\t\t\t\t\t\t<p class=\"c-numbers__text t-size-22 t-size-24--desktop ui-color--black-1 ui-font-weight--semibold\">\n\t\t\t\t\t\tM\u00e9dicaments\t\t\t\t\t<\/p>\n\t\t\t\t\t\t\t<\/div>\n\t\t\t\t\t<div class=\"c-columns__column c-numbers__column\">\n\t\t\t\t\n\t\t\t\t\t\t\t\t\t<p class=\"c-numbers__number t-size-44 t-size-72--desktop ui-font-weight--bold\" style=\"color:#54178e;\">\n\t\t\t\t\t\t400+\t\t\t\t\t<\/p>\n\t\t\t\t\n\t\t\t\t\t\t\t\t\t<p class=\"c-numbers__text t-size-22 t-size-24--desktop ui-color--black-1 ui-font-weight--semibold\">\n\t\t\t\t\t\tEmploy\u00e9s d\u00e9vou\u00e9s\t\t\t\t\t<\/p>\n\t\t\t\t\t\t\t<\/div>\n\t\t\t\t\t<div class=\"c-columns__column c-numbers__column\">\n\t\t\t\t\t\t\t\t\t<p class=\"c-numbers__title t-size-22 t-size-24--desktop ui-color--black-1 ui-font-weight--semibold\">\n\t\t\t\t\t\tVente directe dans\t\t\t\t\t<\/p>\n\t\t\t\t\n\t\t\t\t\t\t\t\t\t<p class=\"c-numbers__number t-size-44 t-size-72--desktop ui-font-weight--bold\" style=\"color:#54178e;\">\n\t\t\t\t\t\t18\t\t\t\t\t<\/p>\n\t\t\t\t\n\t\t\t\t\t\t\t\t\t<p class=\"c-numbers__text t-size-22 t-size-24--desktop ui-color--black-1 ui-font-weight--semibold\">\n\t\t\t\t\t\tpays\t\t\t\t\t<\/p>\n\t\t\t\t\t\t\t<\/div>\n\t\t\t\t\t<div class=\"c-columns__column c-numbers__column\">\n\t\t\t\t\t\t\t\t\t<p class=\"c-numbers__title t-size-22 t-size-24--desktop ui-color--black-1 ui-font-weight--semibold\">\n\t\t\t\t\t\tFourniture de\t\t\t\t\t<\/p>\n\t\t\t\t\n\t\t\t\t\t\t\t\t\t<p class=\"c-numbers__number t-size-44 t-size-72--desktop ui-font-weight--bold\" style=\"color:#54178e;\">\n\t\t\t\t\t\t100+\t\t\t\t\t<\/p>\n\t\t\t\t\n\t\t\t\t\t\t\t\t\t<p class=\"c-numbers__text t-size-22 t-size-24--desktop ui-color--black-1 ui-font-weight--semibold\">\n\t\t\t\t\t\tpays\t\t\t\t\t<\/p>\n\t\t\t\t\t\t\t<\/div>\n\t\t\t<\/div>\n\t\t\t\t\t\t\t\t\t\t\t\t\t\t\t\t\t\t<\/div>\n\t\t\t\t<\/div>\n        \t\t\t<\/div>\n\t<\/section>\n","protected":false},"excerpt":{"rendered":"","protected":false},"author":16,"featured_media":0,"parent":0,"menu_order":0,"comment_status":"closed","ping_status":"closed","template":"","meta":{"_acf_changed":false,"footnotes":""},"class_list":["post-4119","page","type-page","status-publish","hentry"],"acf":[],"yoast_head":"<!-- This site is optimized with the Yoast SEO plugin v27.1.1 - https:\/\/yoast.com\/product\/yoast-seo-wordpress\/ -->\n<title>Accueil - be<\/title>\n<meta name=\"robots\" content=\"index, follow, max-snippet:-1, max-image-preview:large, max-video-preview:-1\" \/>\n<link rel=\"canonical\" href=\"https:\/\/serb.be\/fr\/\" \/>\n<meta property=\"og:locale\" content=\"fr_FR\" \/>\n<meta property=\"og:type\" content=\"article\" \/>\n<meta property=\"og:title\" content=\"Accueil - be\" \/>\n<meta property=\"og:url\" content=\"https:\/\/serb.be\/fr\/\" \/>\n<meta property=\"og:site_name\" content=\"be\" \/>\n<meta property=\"article:modified_time\" content=\"2023-10-31T15:32:24+00:00\" \/>\n<meta name=\"twitter:card\" content=\"summary_large_image\" \/>\n<script type=\"application\/ld+json\" class=\"yoast-schema-graph\">{\"@context\":\"https:\/\/schema.org\",\"@graph\":[{\"@type\":\"WebPage\",\"@id\":\"https:\/\/serb.be\/fr\/\",\"url\":\"https:\/\/serb.be\/fr\/\",\"name\":\"Accueil - be\",\"isPartOf\":{\"@id\":\"https:\/\/serb.be\/#website\"},\"datePublished\":\"2022-03-07T13:02:13+00:00\",\"dateModified\":\"2023-10-31T15:32:24+00:00\",\"breadcrumb\":{\"@id\":\"https:\/\/serb.be\/fr\/#breadcrumb\"},\"inLanguage\":\"fr-FR\",\"potentialAction\":[{\"@type\":\"ReadAction\",\"target\":[\"https:\/\/serb.be\/fr\/\"]}]},{\"@type\":\"BreadcrumbList\",\"@id\":\"https:\/\/serb.be\/fr\/#breadcrumb\",\"itemListElement\":[{\"@type\":\"ListItem\",\"position\":1,\"name\":\"Home\",\"item\":\"https:\/\/serb.be\/fr\/\"},{\"@type\":\"ListItem\",\"position\":2,\"name\":\"Accueil\"}]},{\"@type\":\"WebSite\",\"@id\":\"https:\/\/serb.be\/#website\",\"url\":\"https:\/\/serb.be\/\",\"name\":\"be\",\"description\":\"SERB Pharmaceuticals\",\"potentialAction\":[{\"@type\":\"SearchAction\",\"target\":{\"@type\":\"EntryPoint\",\"urlTemplate\":\"https:\/\/serb.be\/?s={search_term_string}\"},\"query-input\":{\"@type\":\"PropertyValueSpecification\",\"valueRequired\":true,\"valueName\":\"search_term_string\"}}],\"inLanguage\":\"fr-FR\"}]}<\/script>\n<!-- \/ Yoast SEO plugin. -->","yoast_head_json":{"title":"Accueil - be","robots":{"index":"index","follow":"follow","max-snippet":"max-snippet:-1","max-image-preview":"max-image-preview:large","max-video-preview":"max-video-preview:-1"},"canonical":"https:\/\/serb.be\/fr\/","og_locale":"fr_FR","og_type":"article","og_title":"Accueil - be","og_url":"https:\/\/serb.be\/fr\/","og_site_name":"be","article_modified_time":"2023-10-31T15:32:24+00:00","twitter_card":"summary_large_image","schema":{"@context":"https:\/\/schema.org","@graph":[{"@type":"WebPage","@id":"https:\/\/serb.be\/fr\/","url":"https:\/\/serb.be\/fr\/","name":"Accueil - be","isPartOf":{"@id":"https:\/\/serb.be\/#website"},"datePublished":"2022-03-07T13:02:13+00:00","dateModified":"2023-10-31T15:32:24+00:00","breadcrumb":{"@id":"https:\/\/serb.be\/fr\/#breadcrumb"},"inLanguage":"fr-FR","potentialAction":[{"@type":"ReadAction","target":["https:\/\/serb.be\/fr\/"]}]},{"@type":"BreadcrumbList","@id":"https:\/\/serb.be\/fr\/#breadcrumb","itemListElement":[{"@type":"ListItem","position":1,"name":"Home","item":"https:\/\/serb.be\/fr\/"},{"@type":"ListItem","position":2,"name":"Accueil"}]},{"@type":"WebSite","@id":"https:\/\/serb.be\/#website","url":"https:\/\/serb.be\/","name":"be","description":"SERB Pharmaceuticals","potentialAction":[{"@type":"SearchAction","target":{"@type":"EntryPoint","urlTemplate":"https:\/\/serb.be\/?s={search_term_string}"},"query-input":{"@type":"PropertyValueSpecification","valueRequired":true,"valueName":"search_term_string"}}],"inLanguage":"fr-FR"}]}},"_links":{"self":[{"href":"https:\/\/serb.be\/fr\/wp-json\/wp\/v2\/pages\/4119","targetHints":{"allow":["GET"]}}],"collection":[{"href":"https:\/\/serb.be\/fr\/wp-json\/wp\/v2\/pages"}],"about":[{"href":"https:\/\/serb.be\/fr\/wp-json\/wp\/v2\/types\/page"}],"author":[{"embeddable":true,"href":"https:\/\/serb.be\/fr\/wp-json\/wp\/v2\/users\/16"}],"replies":[{"embeddable":true,"href":"https:\/\/serb.be\/fr\/wp-json\/wp\/v2\/comments?post=4119"}],"version-history":[{"count":0,"href":"https:\/\/serb.be\/fr\/wp-json\/wp\/v2\/pages\/4119\/revisions"}],"wp:attachment":[{"href":"https:\/\/serb.be\/fr\/wp-json\/wp\/v2\/media?parent=4119"}],"curies":[{"name":"wp","href":"https:\/\/api.w.org\/{rel}","templated":true}]}}